{"id":23335,"date":"2020-02-17T12:05:33","date_gmt":"2020-02-17T10:29:33","guid":{"rendered":"https:\/\/www.mongrip.com\/prodotto\/gt-race-rascasse\/"},"modified":"2022-09-05T09:20:40","modified_gmt":"2022-09-05T07:20:40","slug":"gt-race-rascasse","status":"publish","type":"product","link":"https:\/\/mongrip.demo.senna.misterketing.it\/de\/Produkt\/gt-race-rascasse\/","title":{"rendered":"GT Race RASCASSE &#8211; Rhodium Silver 925\/1000"},"content":{"rendered":"[vc_row type=&#8220;in_container&#8220; full_screen_row_position=&#8220;middle&#8220; column_margin=&#8220;default&#8220; column_direction=&#8220;default&#8220; column_direction_tablet=&#8220;default&#8220; column_direction_phone=&#8220;default&#8220; scene_position=&#8220;center&#8220; text_color=&#8220;dark&#8220; text_align=&#8220;left&#8220; row_border_radius=&#8220;none&#8220; row_border_radius_applies=&#8220;bg&#8220; overlay_strength=&#8220;0.3&#8243; gradient_direction=&#8220;left_to_right&#8220; shape_divider_position=&#8220;bottom&#8220; bg_image_animation=&#8220;none&#8220;][vc_column column_padding=&#8220;no-extra-padding&#8220; column_padding_tablet=&#8220;inherit&#8220; column_padding_phone=&#8220;inherit&#8220; column_padding_position=&#8220;all&#8220; background_color_opacity=&#8220;1&#8243; background_hover_color_opacity=&#8220;1&#8243; column_shadow=&#8220;none&#8220; column_border_radius=&#8220;none&#8220; column_link_target=&#8220;_self&#8220; gradient_direction=&#8220;left_to_right&#8220; overlay_strength=&#8220;0.3&#8243; width=&#8220;1\/1&#8243; tablet_width_inherit=&#8220;default&#8220; tablet_text_alignment=&#8220;default&#8220; phone_text_alignment=&#8220;default&#8220; column_border_width=&#8220;none&#8220; column_border_style=&#8220;solid&#8220; bg_image_animation=&#8220;none&#8220;][vc_column_text]\n<div class=\"kl-title-block clearfix tbk--text- tbk--left text-left tbk-symbol--border tbk--colored tbk-icon-pos--after-title eluid1b4a7a19 \">\n<p>&nbsp;<\/p>\n<table>\n<tbody>\n<tr>\n<td>CODE MODEL:<\/td>\n<td style=\"width: 75%;\">GTRRS<\/td>\n<\/tr>\n<tr>\n<td>COLLECTIONS:<\/td>\n<td>RACE<\/td>\n<\/tr>\n<tr>\n<td>EDITION<\/td>\n<td>GT<\/td>\n<\/tr>\n<tr>\n<td>MODEL<\/td>\n<td>RASCASSE<\/td>\n<\/tr>\n<tr>\n<td>BRACELET SERIAL NUMBER:<\/td>\n<td>Yes<\/td>\n<\/tr>\n<tr>\n<td>METAL:<\/td>\n<td>Rhodium Silver 925\/1000<\/td>\n<\/tr>\n<tr>\n<td>METAL FINISHING:<\/td>\n<td>SATIN<\/td>\n<\/tr>\n<tr>\n<td>MAX HEIGHT:<\/td>\n<td>4,5 mm &#8211; 0,17 In<\/td>\n<\/tr>\n<tr>\n<td>MAX WIDTH:<\/td>\n<td>6,5 mm &#8211; 0,26 In<\/td>\n<\/tr>\n<tr>\n<td>NUMBERS OF STRINGS<\/td>\n<td>1<\/td>\n<\/tr>\n<tr>\n<td>CLASP:<\/td>\n<td>Hidden<\/td>\n<\/tr>\n<tr>\n<td>CLASP LENGTH:<\/td>\n<td>23 mm &#8211; 0,90 In<\/td>\n<\/tr>\n<tr>\n<td>CLASP WEIGHT<\/td>\n<td>4 g<\/td>\n<\/tr>\n<tr>\n<td>NUMBER METAL DETAILS:<\/td>\n<td>&#8211;<\/td>\n<\/tr>\n<tr>\n<td>WEIGHT METAL DETAILS (PCS):<\/td>\n<td>&#8211;<\/td>\n<\/tr>\n<tr>\n<td>WEIGHT COMPLETE BRACELET:<\/td>\n<td>6\u00a0 g<\/td>\n<\/tr>\n<tr>\n<td>SIZE AVAILABLE:<\/td>\n<td>S (165 mm \/ 6,49\u00a0inch)<br \/>\nM (180 mm \/ 7,08 inch)<br \/>\nL (195 mm \/ 7,67 inch)<br \/>\nXL (210 mm \/ 8,26 inch)<\/td>\n<\/tr>\n<tr>\n<td>SIZE PERSONALIZED:<\/td>\n<td>Yes, upon request. Price of \u20ac 25.00 (Excl.VAT). For customized size items, add an additional 10 extra days to the delivery time frame. Pls, indicate the custom size in the notes field during the order check-out phase (Closed bracelet circumference size in mm). We recommend to add 8-10 mm to the wrist circumference size. Within 24 hours and after verifying the requested size feasibility, MONGRIP will send by email the payment request (using the same method used to place the order) for the amount of \u20ac 25.00 (+ VAT for customers with EU shipping address). In case where the required size is not feasible, MONGRIP will notify the customer of the impossibility to proceed and the customer will have then the right to withdraw from the purchase contract, proceed with the purchase of a standard size or decide to buy a different size to be agreed with MONGRIP.<\/td>\n<\/tr>\n<tr>\n<td>ENGRAVING PERSONALIZED:<\/td>\n<td>Yes, upon request. Price: \u20ac 25,00 (Excl. VAT). The engraving will be made on the back of the clasp. Maximum number of characters: 16 (beyond 8 characters, the engraving will be distributed on two lines). For engraved items, add an additional 10 extra days to the delivery time frame. Indicate the engraving request in the notes field during the order check-out). Within 24 hours and after verifying the requested engraving feasibility, MONGRIP will send by email the payment request (using the same method used to place the order) for the amount of \u20ac 25.00 (+ VAT for customers with EU shipping address). In case where the engraving is not feasible, MONGRIP will notify the customer of the impossibility to proceed and the customer will have then the right to withdraw from the purchase contract, proceed with the purchase without customized engraving or ask for a different engraving to be agreed with MONGRIP.<\/td>\n<\/tr>\n<\/tbody>\n<\/table>\n<p>&nbsp;<\/p>\n<p>WARRANTY AND PACKAGING: THE MONGRIP\u2122 JEWELRY COMES WITH A GUARANTEE CERTIFICATE ATTESTING TO THE TYPE OF METAL (GOLD 18 KT OR SILVER 925) AND TYRE PORTION USED.<br \/>\nTHE WEIGHTS AND MEASURES OF THE COMPLETE BRACELET ARE APPROXIMATE AND VARY DEPENDING ON THE CHARACTERISTICS OF THE TIRE PORTION USED (TOLERANCE +\/- 5%).<\/p>\n<\/div>\n[\/vc_column_text][vc_column_text][\/vc_column_text][\/vc_column][\/vc_row]\n","protected":false},"excerpt":{"rendered":"<div>\n<div>\n<div>\n<div>\n<p>Die Essenz des MONGRIP \u2122 -Designs mit seiner au\u00dfergew\u00f6hnlichen Einfachheit in einem minimalistischen und dennoch rauen Stil ist perfekt f\u00fcr den t\u00e4glichen Gebrauch, sowohl f\u00fcr ihn als auch f\u00fcr sie..<\/p>\n<\/div>\n<\/div>\n<\/div>\n<\/div>\n","protected":false},"featured_media":23577,"template":"","meta":[],"product_type":[5],"product_cat":[175],"product_tag":[],"_links":{"self":[{"href":"https:\/\/mongrip.demo.senna.misterketing.it\/de\/wp-json\/wp\/v2\/product\/23335"}],"collection":[{"href":"https:\/\/mongrip.demo.senna.misterketing.it\/de\/wp-json\/wp\/v2\/product"}],"about":[{"href":"https:\/\/mongrip.demo.senna.misterketing.it\/de\/wp-json\/wp\/v2\/types\/product"}],"wp:featuredmedia":[{"embeddable":true,"href":"https:\/\/mongrip.demo.senna.misterketing.it\/de\/wp-json\/wp\/v2\/media\/23577"}],"wp:attachment":[{"href":"https:\/\/mongrip.demo.senna.misterketing.it\/de\/wp-json\/wp\/v2\/media?parent=23335"}],"wp:term":[{"taxonomy":"product_type","embeddable":true,"href":"https:\/\/mongrip.demo.senna.misterketing.it\/de\/wp-json\/wp\/v2\/product_type?post=23335"},{"taxonomy":"product_cat","embeddable":true,"href":"https:\/\/mongrip.demo.senna.misterketing.it\/de\/wp-json\/wp\/v2\/product_cat?post=23335"},{"taxonomy":"product_tag","embeddable":true,"href":"https:\/\/mongrip.demo.senna.misterketing.it\/de\/wp-json\/wp\/v2\/product_tag?post=23335"}],"curies":[{"name":"wp","href":"https:\/\/api.w.org\/{rel}","templated":true}]}}