{"id":18323,"date":"2020-02-17T12:04:34","date_gmt":"2020-02-17T11:04:34","guid":{"rendered":"https:\/\/www.mongrip.com\/?post_type=product&#038;p=18323"},"modified":"2022-09-05T09:18:48","modified_gmt":"2022-09-05T07:18:48","slug":"gt-race-tabac","status":"publish","type":"product","link":"https:\/\/mongrip.demo.senna.misterketing.it\/fr\/produit\/gt-race-tabac\/","title":{"rendered":"GT Race TABAC &#8211; Rhodium Silver 925\/1000"},"content":{"rendered":"[vc_row type=\u00a0\u00bbin_container\u00a0\u00bb full_screen_row_position=\u00a0\u00bbmiddle\u00a0\u00bb column_margin=\u00a0\u00bbdefault\u00a0\u00bb column_direction=\u00a0\u00bbdefault\u00a0\u00bb column_direction_tablet=\u00a0\u00bbdefault\u00a0\u00bb column_direction_phone=\u00a0\u00bbdefault\u00a0\u00bb scene_position=\u00a0\u00bbcenter\u00a0\u00bb text_color=\u00a0\u00bbdark\u00a0\u00bb text_align=\u00a0\u00bbleft\u00a0\u00bb row_border_radius=\u00a0\u00bbnone\u00a0\u00bb row_border_radius_applies=\u00a0\u00bbbg\u00a0\u00bb overlay_strength=\u00a0\u00bb0.3&Prime; gradient_direction=\u00a0\u00bbleft_to_right\u00a0\u00bb shape_divider_position=\u00a0\u00bbbottom\u00a0\u00bb bg_image_animation=\u00a0\u00bbnone\u00a0\u00bb][vc_column column_padding=\u00a0\u00bbno-extra-padding\u00a0\u00bb column_padding_tablet=\u00a0\u00bbinherit\u00a0\u00bb column_padding_phone=\u00a0\u00bbinherit\u00a0\u00bb column_padding_position=\u00a0\u00bball\u00a0\u00bb background_color_opacity=\u00a0\u00bb1&Prime; background_hover_color_opacity=\u00a0\u00bb1&Prime; column_shadow=\u00a0\u00bbnone\u00a0\u00bb column_border_radius=\u00a0\u00bbnone\u00a0\u00bb column_link_target=\u00a0\u00bb_self\u00a0\u00bb gradient_direction=\u00a0\u00bbleft_to_right\u00a0\u00bb overlay_strength=\u00a0\u00bb0.3&Prime; width=\u00a0\u00bb1\/1&Prime; tablet_width_inherit=\u00a0\u00bbdefault\u00a0\u00bb tablet_text_alignment=\u00a0\u00bbdefault\u00a0\u00bb phone_text_alignment=\u00a0\u00bbdefault\u00a0\u00bb column_border_width=\u00a0\u00bbnone\u00a0\u00bb column_border_style=\u00a0\u00bbsolid\u00a0\u00bb bg_image_animation=\u00a0\u00bbnone\u00a0\u00bb][vc_column_text]\n<div class=\"kl-title-block clearfix tbk--text- tbk--left text-left tbk-symbol--border tbk--colored tbk-icon-pos--after-title eluid1b4a7a19 \">\n<p>&nbsp;<\/p>\n<table>\n<tbody>\n<tr>\n<td>CODE MODEL:<\/td>\n<td style=\"width: 75%;\">GTRTS<\/td>\n<\/tr>\n<tr>\n<td>COLLECTIONS:<\/td>\n<td>RACE<\/td>\n<\/tr>\n<tr>\n<td>EDITION<\/td>\n<td>GT<\/td>\n<\/tr>\n<tr>\n<td>MODEL<\/td>\n<td>TABAC<\/td>\n<\/tr>\n<tr>\n<td>BRACELET SERIAL NUMBER:<\/td>\n<td>Yes<\/td>\n<\/tr>\n<tr>\n<td>METAL:<\/td>\n<td>Rhodium Silver 925\/1000<\/td>\n<\/tr>\n<tr>\n<td>METAL FINISHING:<\/td>\n<td>SATIN<\/td>\n<\/tr>\n<tr>\n<td>MAX HEIGHT:<\/td>\n<td>4,5 mm &#8211; 0,17 In<\/td>\n<\/tr>\n<tr>\n<td>MAX WIDTH:<\/td>\n<td>11,5 mm &#8211; 0,45 In<\/td>\n<\/tr>\n<tr>\n<td>NUMBERS OF STRINGS<\/td>\n<td>1<\/td>\n<\/tr>\n<tr>\n<td>CLASP:<\/td>\n<td>Hidden<\/td>\n<\/tr>\n<tr>\n<td>CLASP LENGTH:<\/td>\n<td>23 mm &#8211; 0,90 In<\/td>\n<\/tr>\n<tr>\n<td>CLASP WEIGHT<\/td>\n<td>6 g<\/td>\n<\/tr>\n<tr>\n<td>NUMBER METAL DETAILS:<\/td>\n<td>&#8211;<\/td>\n<\/tr>\n<tr>\n<td>WEIGHT METAL DETAILS (PCS):<\/td>\n<td>&#8211;<\/td>\n<\/tr>\n<tr>\n<td>WEIGHT COMPLETE BRACELET:<\/td>\n<td>10\u00a0 g<\/td>\n<\/tr>\n<tr>\n<td>SIZE AVAILABLE:<\/td>\n<td>S (165 mm \/ 6,49\u00a0inch)<br \/>\nM (180 mm \/ 7,08 inch)<br \/>\nL (195 mm \/ 7,67 inch)<br \/>\nXL (210 mm \/ 8,26 inch)<\/td>\n<\/tr>\n<tr>\n<td>SIZE PERSONALIZED:<\/td>\n<td>Yes, upon request. Price of \u20ac 25.00 (Excl.VAT). For customized size items, add an additional 10 extra days to the delivery time frame. Pls, indicate the custom size in the notes field during the order check-out phase (Closed bracelet circumference size in mm). We recommend to add 8-10 mm to the wrist circumference size. Within 24 hours and after verifying the requested size feasibility, MONGRIP will send by email the payment request (using the same method used to place the order) for the amount of \u20ac 25.00 (+ VAT for customers with EU shipping address). In case where the required size is not feasible, MONGRIP will notify the customer of the impossibility to proceed and the customer will have then the right to withdraw from the purchase contract, proceed with the purchase of a standard size or decide to buy a different size to be agreed with MONGRIP.<\/td>\n<\/tr>\n<tr>\n<td>ENGRAVING PERSONALIZED:<\/td>\n<td>Yes, upon request. Price: \u20ac 25,00 (Excl. VAT). The engraving will be made on the back of the clasp. Maximum number of characters: 16 (beyond 8 characters, the engraving will be distributed on two lines). For engraved items, add an additional 10 extra days to the delivery time frame. Indicate the engraving request in the notes field during the order check-out). Within 24 hours and after verifying the requested engraving feasibility, MONGRIP will send by email the payment request (using the same method used to place the order) for the amount of \u20ac 25.00 (+ VAT for customers with EU shipping address). In case where the engraving is not feasible, MONGRIP will notify the customer of the impossibility to proceed and the customer will have then the right to withdraw from the purchase contract, proceed with the purchase without customized engraving or ask for a different engraving to be agreed with MONGRIP.<\/td>\n<\/tr>\n<\/tbody>\n<\/table>\n<p>&nbsp;<\/p>\n<p>WARRANTY AND PACKAGING: THE MONGRIP\u2122 JEWELRY COMES WITH A GUARANTEE CERTIFICATE ATTESTING TO THE TYPE OF METAL (GOLD 18 KT OR SILVER 925) AND TYRE PORTION USED.<br \/>\nTHE WEIGHTS AND MEASURES OF THE COMPLETE BRACELET ARE APPROXIMATE AND VARY DEPENDING ON THE CHARACTERISTICS OF THE TIRE PORTION USED (TOLERANCE +\/- 5%).<\/p>\n<\/div>\n[\/vc_column_text][vc_column_text][\/vc_column_text][\/vc_column][\/vc_row]\n","protected":false},"excerpt":{"rendered":"<div>\n<p><span lang=\"EN-US\">Le must du style \u00ab on the road \u00bb: l\u2019essence de l\u2019accessoire MONGRIP\u2122 pour ceux qui aiment se distinguer par leur unicit\u00e9, exclusivit\u00e9 et charme myst\u00e9rieux, capable de s\u2019adapter \u00e0 tous les look.<\/span><\/p>\n<\/div>\n<div>\n<div>\n<div>\n<div>\n<div><\/div>\n<\/div>\n<\/div>\n<\/div>\n<\/div>\n","protected":false},"featured_media":23583,"template":"","meta":[],"product_type":[5],"product_cat":[158],"product_tag":[],"_links":{"self":[{"href":"https:\/\/mongrip.demo.senna.misterketing.it\/fr\/wp-json\/wp\/v2\/product\/18323"}],"collection":[{"href":"https:\/\/mongrip.demo.senna.misterketing.it\/fr\/wp-json\/wp\/v2\/product"}],"about":[{"href":"https:\/\/mongrip.demo.senna.misterketing.it\/fr\/wp-json\/wp\/v2\/types\/product"}],"wp:featuredmedia":[{"embeddable":true,"href":"https:\/\/mongrip.demo.senna.misterketing.it\/fr\/wp-json\/wp\/v2\/media\/23583"}],"wp:attachment":[{"href":"https:\/\/mongrip.demo.senna.misterketing.it\/fr\/wp-json\/wp\/v2\/media?parent=18323"}],"wp:term":[{"taxonomy":"product_type","embeddable":true,"href":"https:\/\/mongrip.demo.senna.misterketing.it\/fr\/wp-json\/wp\/v2\/product_type?post=18323"},{"taxonomy":"product_cat","embeddable":true,"href":"https:\/\/mongrip.demo.senna.misterketing.it\/fr\/wp-json\/wp\/v2\/product_cat?post=18323"},{"taxonomy":"product_tag","embeddable":true,"href":"https:\/\/mongrip.demo.senna.misterketing.it\/fr\/wp-json\/wp\/v2\/product_tag?post=18323"}],"curies":[{"name":"wp","href":"https:\/\/api.w.org\/{rel}","templated":true}]}}