{"id":22278,"date":"2021-01-19T17:51:16","date_gmt":"2021-01-19T16:51:18","guid":{"rendered":"https:\/\/www.mongrip.com\/?post_type=product&#038;p=22278"},"modified":"2022-12-02T12:48:44","modified_gmt":"2022-12-02T11:48:44","slug":"tabac-acier","status":"publish","type":"product","link":"https:\/\/mongrip.demo.senna.misterketing.it\/fr\/produit\/tabac-acier\/","title":{"rendered":"F1 Race TABAC &#8211; Steel &#038; Gold 18K"},"content":{"rendered":"[vc_row type=\u00a0\u00bbin_container\u00a0\u00bb full_screen_row_position=\u00a0\u00bbmiddle\u00a0\u00bb scene_position=\u00a0\u00bbcenter\u00a0\u00bb text_color=\u00a0\u00bbdark\u00a0\u00bb text_align=\u00a0\u00bbleft\u00a0\u00bb overlay_strength=\u00a0\u00bb0.3&Prime;][vc_column column_padding=\u00a0\u00bbno-extra-padding\u00a0\u00bb column_padding_position=\u00a0\u00bball\u00a0\u00bb background_color_opacity=\u00a0\u00bb1&Prime; background_hover_color_opacity=\u00a0\u00bb1&Prime; column_shadow=\u00a0\u00bbnone\u00a0\u00bb width=\u00a0\u00bb1\/1&Prime; tablet_text_alignment=\u00a0\u00bbdefault\u00a0\u00bb phone_text_alignment=\u00a0\u00bbdefault\u00a0\u00bb column_border_width=\u00a0\u00bbnone\u00a0\u00bb column_border_style=\u00a0\u00bbsolid\u00a0\u00bb][vc_column_text]\n<div class=\"zn_text_box eluid8eaeeb3c zn_text_box-light element-scheme--light\">\n<div class=\"datagrid\">\n<table>\n<tbody>\n<tr>\n<td>CODE MODEL:<\/td>\n<td>F1RTD<\/td>\n<\/tr>\n<tr>\n<td>COLLECTIONS:<\/td>\n<td>Race<\/td>\n<\/tr>\n<tr>\n<td>BRACELET SERIAL NUMBER:<\/td>\n<td>Yes<\/td>\n<\/tr>\n<tr>\n<td>METAL:<\/td>\n<td>Steel &amp; Gold 18 K<\/td>\n<\/tr>\n<tr>\n<td>METAL FINISHING:<\/td>\n<td>Polished<\/td>\n<\/tr>\n<tr>\n<td>MAX HEIGHT:<\/td>\n<td>4,5 mm &#8211; 0,17 In<\/td>\n<\/tr>\n<tr>\n<td>MAX WIDTH:<\/td>\n<td>11,5 mm &#8211; 0,45 In<\/td>\n<\/tr>\n<tr>\n<td>NUMBER OF STRINGS:<\/td>\n<td>1<\/td>\n<\/tr>\n<tr>\n<td>CLASP:<\/td>\n<td>Hidden<\/td>\n<\/tr>\n<tr>\n<td>CLASP LENGTH:<\/td>\n<td>23 mm &#8211; 0,90 In<\/td>\n<\/tr>\n<tr>\n<td>CLASP WEIGHT<\/td>\n<td>Steel : 4,00 g &#8211; Gold 18K: 2,55<\/td>\n<\/tr>\n<tr>\n<td>NUMBER METAL DETAILS:<\/td>\n<td>&#8211;<\/td>\n<\/tr>\n<tr>\n<td>WEIGHT METAL DETAILS (PCS):<\/td>\n<td>&#8211;<\/td>\n<\/tr>\n<tr>\n<td>WEIGHT COMPLETE BRACELET:<\/td>\n<td>11 g<\/td>\n<\/tr>\n<tr>\n<td>SIZE AVAILABLE:<\/td>\n<td>S (165 mm \/ 6,49\u00a0inch)<br \/>\nM (180 mm \/ 7,08 inch)<br \/>\nL (195 mm \/ 7,67 inch)<br \/>\nXL (210 mm \/ 8,26 inch)<\/td>\n<\/tr>\n<tr>\n<td>SIZE PERSONALIZED:<\/td>\n<td>Yes, upon request. Price of \u20ac 25.00 (Excl.VAT). For customized size items, add an additional 10 extra days to the delivery time frame. Pls, indicate the custom size in the notes field during the order check-out phase (closed bracelet circumference size in mm). We recommend to add 8-10 mm to the wrist circumference size. Within 24 hours and after verifying the requested size feasibility, MONGRIP will send by email the payment request (using the same method used to place the order) for the amount of \u20ac 25.00 (+ VAT for customers with EU shipping address). In case where the required size is not feasible, MONGRIP will notify the customer of the impossibility to proceed and the customer will have then the right to withdraw from the purchase contract, proceed with the purchase of a standard size or decide to buy a different size to be agreed with MONGRIP.<\/td>\n<\/tr>\n<tr>\n<td>ENGRAVING PERSONALIZED:<\/td>\n<td>Yes, upon request. Price: \u20ac 25,00 (Excl. VAT). The engraving will be made on the back of the clasp. Maximum number of characters: 16 (beyond 8 characters, the engraving will be distributed on two lines). For engraved items, add an additional 10 extra days to the delivery time frame. Indicate the engraving request in the notes field during the order check-out). Within 24 hours and after verifying the requested engraving feasibility, MONGRIP will send by email the payment request (using the same method used to place the order) for the amount of \u20ac 25.00 (+ VAT for customers with EU shipping address). In case where the engraving is not feasible, MONGRIP will notify the customer of the impossibility to proceed and the customer will have then the right to withdraw from the purchase contract, proceed with the purchase without customized engraving or ask for a different engraving to be agreed with MONGRIP.<\/td>\n<\/tr>\n<\/tbody>\n<\/table>\n<p>&nbsp;<\/p>\n<\/div>\n<\/div>\n<p><span style=\"font-size: 12px;\">WARRANTY AND PACKAGING: THE MONGRIP\u2122 JEWELRY COMES WITH A GUARANTEE CERTIFICATE ATTESTING TO THE TYPE OF METAL (GOLD 18 KT OR SILVER 925) AND TYRE PORTION USED.<br \/>\nTHE WEIGHTS AND MEASURES OF THE COMPLETE BRACELET ARE APPROXIMATE AND VARY DEPENDING ON THE CHARACTERISTICS OF THE TIRE PORTION USED (TOLERANCE +\/- 5%).<\/span><\/p>\n[\/vc_column_text][\/vc_column][\/vc_row]\n","protected":false},"excerpt":{"rendered":"<p class=\"p1\"><span class=\"s1\">Le must du style \u00ab\u00a0on the road\u00a0\u00bb: l&rsquo;essence de l\u2019accessoire MONGRIP\u2122 pour ceux qui aiment se distinguer par leur unicit\u00e9, exclusivit\u00e9 et charme myst\u00e9rieux, capable de s&rsquo;adapter \u00e0 tous les look.<\/span><\/p>\n","protected":false},"featured_media":22297,"template":"","meta":[],"product_type":[5],"product_cat":[161,69,57],"product_tag":[],"_links":{"self":[{"href":"https:\/\/mongrip.demo.senna.misterketing.it\/fr\/wp-json\/wp\/v2\/product\/22278"}],"collection":[{"href":"https:\/\/mongrip.demo.senna.misterketing.it\/fr\/wp-json\/wp\/v2\/product"}],"about":[{"href":"https:\/\/mongrip.demo.senna.misterketing.it\/fr\/wp-json\/wp\/v2\/types\/product"}],"wp:featuredmedia":[{"embeddable":true,"href":"https:\/\/mongrip.demo.senna.misterketing.it\/fr\/wp-json\/wp\/v2\/media\/22297"}],"wp:attachment":[{"href":"https:\/\/mongrip.demo.senna.misterketing.it\/fr\/wp-json\/wp\/v2\/media?parent=22278"}],"wp:term":[{"taxonomy":"product_type","embeddable":true,"href":"https:\/\/mongrip.demo.senna.misterketing.it\/fr\/wp-json\/wp\/v2\/product_type?post=22278"},{"taxonomy":"product_cat","embeddable":true,"href":"https:\/\/mongrip.demo.senna.misterketing.it\/fr\/wp-json\/wp\/v2\/product_cat?post=22278"},{"taxonomy":"product_tag","embeddable":true,"href":"https:\/\/mongrip.demo.senna.misterketing.it\/fr\/wp-json\/wp\/v2\/product_tag?post=22278"}],"curies":[{"name":"wp","href":"https:\/\/api.w.org\/{rel}","templated":true}]}}